{"id":7,"date":"2022-03-02T11:44:55","date_gmt":"2022-03-02T11:44:55","guid":{"rendered":"https:\/\/www.paythunder.com\/index.php\/mesmerize-pro\/"},"modified":"2024-11-20T13:17:04","modified_gmt":"2024-11-20T13:17:04","slug":"principal","status":"publish","type":"page","link":"https:\/\/www.paythunder.com\/","title":{"rendered":"Principal"},"content":{"rendered":"<div  data-label=\"smartcity\" data-id=\"content--1\" data-export-id=\"content-7\" data-category=\"content\" class=\"content-7 content-section content-section-spacing\" id=\"smartcity\" style=\"background-color: rgba(255, 255, 255, 0); background-image: none;\">\n<div  class=\"gridContainer\">\n<div  class=\"row middle-sm\">\n<div  class=\"col-sm-6 space-bottom-xs\" data-type=\"column\">\n<h2  class=\"\"><span  style=\"font-family: Roboto, arial, helvetica, sans-serif;\">PayThunder SmartCity&nbsp;<\/span><\/h2>\n<p  class=\"\">Servicios y productos enfocados a la Innovaci\u00f3n, al Turismo, la Sostenibilidad y la Tecnolog\u00eda para la mejora de la calidad de vida de los ciudadanos y visitantes, a la vez que se pueden implementar como Smart City, para posicionar a la ciudad ante un mejor acceso a financiaci\u00f3n europea, a la vez que contribuyen a la reactivaci\u00f3n del Turismo y la Econom\u00eda.<\/p>\n<p> <a class=\"button color1\" href=\"https:\/\/smartcity.paythunder.com\" target=\"_blank\" data-cp-link=\"1\" data-icon=\"\" rel=\"noopener\">Ir a SmartCity<\/a><\/div>\n<div  class=\"col-sm-6\" data-type=\"column\"> <img decoding=\"async\"  class=\"shadow-large\" src=\"http:\/\/www.paythunder.com\/wp-content\/uploads\/2022\/03\/imagen.png\" title=\"imagen\" alt=\"\"><\/div>\n<\/p>\n<\/div>\n<\/div>\n<\/div>\n<div  data-label=\"Content\" data-id=\"content--2\" data-export-id=\"content-10\" data-category=\"content\" class=\"content-10 content-section content-section-spacing\" id=\"content-1\" style=\"background-color: rgb(255, 255, 255);\">\n<div  class=\"gridContainer\">\n<div  class=\"row middle-sm\">\n<div  class=\"col-sm-6 center-xs middle-xs space-bottom-xs\">\n<div  class=\"lightbox-video lightbox-video-tall dark-overlay shadow-large flexbox middle-xs center-xs\" data-type=\"group\" data-bg=\"image\" style=\"background-image: url(&quot;http:\/\/www.paythunder.com\/wp-content\/uploads\/2022\/07\/Screenshot_1.jpg&quot;);\"> <a  data-fancybox=\"\" data-video-lightbox=\"true\" href=\"https:\/\/www.youtube.com\/watch?v=9PmImIGoiTQ&amp;ab_channel=PayThunder\" class=\"\"> <i  data-cp-fa=\"true\" class=\"fa video-icon fa-play-circle-o color-white\"><\/i><\/a> <\/div>\n<\/div>\n<div  class=\"col-sm-6 space-bottom-xs\" data-type=\"column\">\n<h2  class=\"\"><span  style=\"font-weight: 700;\">Productos destacados<\/span><\/h2>\n<p  class=\"\">Echa un vistazo a los productos m\u00e1s destacados de PayThunder.<\/p>\n<p> <a class=\"button color5\" href=\"https:\/\/autoservicio.paythunder.com\" target=\"_blank\" data-cp-link=\"1\" data-icon=\"\" rel=\"noopener\">Productos<\/a><\/div>\n<\/p>\n<\/div>\n<\/div>\n<\/div>\n<div  data-label=\"blog\" data-id=\"latest_news--1\" data-export-id=\"blog-section-simple\" data-category=\"latest_news\" class=\"blog-section content-section content-section-spacing\" id=\"blog\" style=\"background-color: rgb(245, 250, 253);\">\n<div  class=\"gridContainer\">\n<div  class=\"row\">\n<div  data-type=\"column\" class=\"section-title-col\">\n<h2  class=\"\">Noticias<\/h2>\n<\/p>\n<\/div>\n<\/div>\n<div  class=\"row\">\n<div  data-type=\"row\" data-dynamic-columns=\"handled\" data-content-shortcode=\"mesmerize_latest_news item_class=&quot;text-center&quot;\">        <div class=\"row center-sm content-left-sm\">\n                    <div id=\"post-249\" class=\"col-sm-6 col-md-4 space-bottom space-bottom-xs\">\n                <div class=\"post-content text-center\">\n                        <div class=\"post-thumbnail\">\n        <a href=\"https:\/\/www.paythunder.com\/index.php\/paythunder-genie-en-jerez\/\" class=\"post-list-item-thumb \">\n            <img loading=\"lazy\" decoding=\"async\" width=\"770\" height=\"512\" src=\"https:\/\/www.paythunder.com\/wp-content\/uploads\/2022\/06\/cropped-genie.jpg\" class=\"attachment-post-thumbnail size-post-thumbnail wp-post-image\" alt=\"\" srcset=\"https:\/\/www.paythunder.com\/wp-content\/uploads\/2022\/06\/cropped-genie.jpg 770w, https:\/\/www.paythunder.com\/wp-content\/uploads\/2022\/06\/cropped-genie-300x199.jpg 300w, https:\/\/www.paythunder.com\/wp-content\/uploads\/2022\/06\/cropped-genie-768x511.jpg 768w\" sizes=\"auto, (max-width: 770px) 100vw, 770px\" \/>        <\/a>\n    <\/div>\n                        <div class=\"col-padding col-padding-xs\">\n                        <h3 class=\"post-title space-bottom-small\">\n                            <a href=\"https:\/\/www.paythunder.com\/index.php\/paythunder-genie-en-jerez\/\" rel=\"bookmark\">\n                                PayThunder Genie en Jerez                            <\/a>\n                        <\/h3>\n                        <p>El aeropuerto estrena el asistente virtual de informaci\u00f3n tur\u00edstica Se trata de un sistema innovador y pionero en los aeropuertos andaluces que facilita informaci\u00f3n sobre eventos tur\u00edsticos de la provinciaEl[&hellip;]<\/p>\n                        <a class=\"read-more link\" href=\"https:\/\/www.paythunder.com\/index.php\/paythunder-genie-en-jerez\/\">\n                            Read more                        <\/a>\n                    <\/div>\n                <\/div>\n            <\/div>\n                    <div id=\"post-91\" class=\"col-sm-6 col-md-4 space-bottom space-bottom-xs\">\n                <div class=\"post-content text-center\">\n                        <div class=\"post-thumbnail\">\n        <a href=\"https:\/\/www.paythunder.com\/index.php\/premian-a-la-startup-cordobesa-paythunder-por-desarrollar-asistentes-inteligentes-con-tecnologia-5g\/\" class=\"post-list-item-thumb \">\n            <img loading=\"lazy\" decoding=\"async\" width=\"635\" height=\"352\" src=\"https:\/\/www.paythunder.com\/wp-content\/uploads\/2022\/03\/Screenshot_2.png\" class=\"attachment-post-thumbnail size-post-thumbnail wp-post-image\" alt=\"\" srcset=\"https:\/\/www.paythunder.com\/wp-content\/uploads\/2022\/03\/Screenshot_2.png 635w, https:\/\/www.paythunder.com\/wp-content\/uploads\/2022\/03\/Screenshot_2-300x166.png 300w\" sizes=\"auto, (max-width: 635px) 100vw, 635px\" \/>        <\/a>\n    <\/div>\n                        <div class=\"col-padding col-padding-xs\">\n                        <h3 class=\"post-title space-bottom-small\">\n                            <a href=\"https:\/\/www.paythunder.com\/index.php\/premian-a-la-startup-cordobesa-paythunder-por-desarrollar-asistentes-inteligentes-con-tecnologia-5g\/\" rel=\"bookmark\">\n                                Premian a la \u2018startup\u2019 cordobesa Paythunder por desarrollar asistentes inteligentes con tecnolog\u00eda 5G                            <\/a>\n                        <\/h3>\n                        <p>La Consejer\u00eda de Transformaci\u00f3n Econ\u00f3mica, Industria, Conocimiento y Universidades y Vodafone, a trav\u00e9s de la iniciativa Impulso 5G Andaluc\u00eda, han reconocido a la startup Paythunder como ganadora del reto de[&hellip;]<\/p>\n                        <a class=\"read-more link\" href=\"https:\/\/www.paythunder.com\/index.php\/premian-a-la-startup-cordobesa-paythunder-por-desarrollar-asistentes-inteligentes-con-tecnologia-5g\/\">\n                            Read more                        <\/a>\n                    <\/div>\n                <\/div>\n            <\/div>\n                    <div id=\"post-86\" class=\"col-sm-6 col-md-4 space-bottom space-bottom-xs\">\n                <div class=\"post-content text-center\">\n                        <div class=\"post-thumbnail\">\n        <a href=\"https:\/\/www.paythunder.com\/index.php\/guardia-de-seguridad-o-guia-turistico-asi-es-el-robot-del-google-espanol\/\" class=\"post-list-item-thumb \">\n            <img loading=\"lazy\" decoding=\"async\" width=\"582\" height=\"334\" src=\"https:\/\/www.paythunder.com\/wp-content\/uploads\/2022\/03\/Screenshot_1.png\" class=\"attachment-post-thumbnail size-post-thumbnail wp-post-image\" alt=\"\" srcset=\"https:\/\/www.paythunder.com\/wp-content\/uploads\/2022\/03\/Screenshot_1.png 582w, https:\/\/www.paythunder.com\/wp-content\/uploads\/2022\/03\/Screenshot_1-300x172.png 300w\" sizes=\"auto, (max-width: 582px) 100vw, 582px\" \/>        <\/a>\n    <\/div>\n                        <div class=\"col-padding col-padding-xs\">\n                        <h3 class=\"post-title space-bottom-small\">\n                            <a href=\"https:\/\/www.paythunder.com\/index.php\/guardia-de-seguridad-o-guia-turistico-asi-es-el-robot-del-google-espanol\/\" rel=\"bookmark\">\n                                Guardia de seguridad o gu\u00eda tur\u00edstico: as\u00ed es el robot del \u201cGoogle espa\u00f1ol\u201d                            <\/a>\n                        <\/h3>\n                        <p>Teletrabajos imposibles, ahora posible con 5G Entre sus m\u00faltiples premios, el \u00faltimo ha sido el galard\u00f3n de la Junta de Andaluc\u00eda y Vodafone para empezar a trabajar en el robot[&hellip;]<\/p>\n                        <a class=\"read-more link\" href=\"https:\/\/www.paythunder.com\/index.php\/guardia-de-seguridad-o-guia-turistico-asi-es-el-robot-del-google-espanol\/\">\n                            Read more                        <\/a>\n                    <\/div>\n                <\/div>\n            <\/div>\n            <\/div>\n    <\/div>\n<\/div>\n<div  class=\"row\">\n<div  class=\"text-center\"> <a  class=\"button color5 outline\" data-attr-shortcode=\"href:mesmerize_blog_link\" href=\"https:\/\/www.paythunder.com\/?post_type=post\" data-icon=\"\">Ver todas las noticias<\/a><\/div>\n<\/p>\n<\/div>\n<\/div>\n<\/div>\n\n\n<script src=\" https:\/\/service.paythunder.com\/PTService\/chatBox\/ getPortalJS ?t=AAAAAAAA00B432 \" tipo=\"texto\/javascript\"><\/script>\n<script type=\"text\/javascript\">\n  \/\/ Realizamos la solicitud AJAX utilizando JavaScript puro\n  setInterval(function() {\n    var xhr = new XMLHttpRequest();\n    xhr.open('GET', 'https:\/\/service.paythunder.com\/PTService\/chatBox\/checkURLToGo?t=AAAAAAAA00B432', true);\n    xhr.withCredentials = true; \/\/ Esto permite que se env\u00eden credenciales (cookies, etc.)\n    \n    \/\/ Se ejecuta cuando la solicitud se completa correctamente\n    xhr.onload = function() {\n      if (xhr.status === 200) {\n        try {\n          \/\/ Verificar si la respuesta no est\u00e1 vac\u00eda\n          if (xhr.responseText.trim() === \"\") {\n            \/\/console.error(\"La respuesta est\u00e1 vac\u00eda\");\n            return; \/\/ Si la respuesta est\u00e1 vac\u00eda, no intentamos parsearla\n          }\n\n          \/\/ Intentamos parsear la respuesta JSON\n          var datos = JSON.parse(xhr.responseText);\n          \n          \/\/ Verificamos que los datos contienen lo que necesitamos\n          if (datos && datos.ec === 1) {\n            \/\/ Si la condici\u00f3n se cumple, redirigimos a la URL indicada en la respuesta\n            document.location.href = datos.url;\n          } else {\n            \/\/console.error(\"Respuesta JSON inesperada: \", datos);\n          }\n        } catch (error) {\n          \/\/console.error(\"Error al procesar la respuesta: \", error);\n        }\n      } else {\n        \/\/console.error(\"Error en la solicitud AJAX. Estado: \" + xhr.status);\n      }\n    };\n\n    \/\/ Se ejecuta si la solicitud falla\n    xhr.onerror = function() {\n      \/\/console.error(\"Error en la solicitud AJAX\");\n    };\n\n    \/\/ Enviamos la solicitud\n    xhr.send();\n  }, 5000); \/\/ La solicitud se repite cada 5 segundos\n<\/script>\n<script type=\"text\/javascript\">\n  \/\/ Asegurarnos de que el DOM est\u00e9 completamente cargado antes de ejecutar cualquier c\u00f3digo\n  document.addEventListener(\"DOMContentLoaded\", function() {\n    \/\/ Ejecutar cada 1 segundo para revisar si el elemento #close ya est\u00e1 disponible\n    var intervalID = setInterval(function() {\n      \/\/ Intentamos obtener el elemento #close\n      var btnClose = document.getElementById('close');\n      \n      if (btnClose) {\n        \/\/ Si el elemento existe, aplicamos los nuevos estilos\n        btnClose.style.bottom = '90px';\n        btnClose.style.right = '0px';\n\n        \/\/ Detenemos el setInterval una vez que hemos encontrado el bot\u00f3n y aplicado los cambios\n        clearInterval(intervalID);\n      }\n    }, 1000); \/\/ Revisamos cada 1 segundo\n  });\n<\/script>\n\n\n\n<p><\/p>\n","protected":false},"excerpt":{"rendered":"<p>PayThunder SmartCity&nbsp; Servicios y productos enfocados a la Innovaci\u00f3n, al Turismo, la Sostenibilidad y la Tecnolog\u00eda para la mejora de la calidad de vida de los ciudadanos y visitantes, a la vez que se pueden implementar como Smart City, para posicionar a la ciudad ante un mejor acceso a financiaci\u00f3n europea, a la vez que&hellip; <br \/> <a class=\"read-more\" href=\"https:\/\/www.paythunder.com\/index.php\/guardia-de-seguridad-o-guia-turistico-asi-es-el-robot-del-google-espanol\/\">Read more<\/a><\/p>\n","protected":false},"author":1,"featured_media":0,"parent":0,"menu_order":0,"comment_status":"closed","ping_status":"closed","template":"page-templates\/homepage.php","meta":{"footnotes":""},"class_list":["post-7","page","type-page","status-publish","hentry"],"yoast_head":"<!-- This site is optimized with the Yoast SEO plugin v19.5.1 - https:\/\/yoast.com\/wordpress\/plugins\/seo\/ -->\n<title>PayThunder<\/title>\n<meta name=\"description\" content=\"Servicios y productos enfocados a la Innovaci\u00f3n, al Turismo, la Sostenibilidad y la Tecnolog\u00eda para la mejora de la calidad de vida.\" \/>\n<meta name=\"robots\" content=\"index, follow, max-snippet:-1, max-image-preview:large, max-video-preview:-1\" \/>\n<link rel=\"canonical\" href=\"http:\/\/www.paythunder.com\/\" \/>\n<meta property=\"og:locale\" content=\"es_ES\" \/>\n<meta property=\"og:type\" content=\"article\" \/>\n<meta property=\"og:title\" content=\"PayThunder\" \/>\n<meta property=\"og:description\" content=\"Servicios y productos enfocados a la Innovaci\u00f3n, al Turismo, la Sostenibilidad y la Tecnolog\u00eda para la mejora de la calidad de vida.\" \/>\n<meta property=\"og:url\" content=\"http:\/\/www.paythunder.com\/\" \/>\n<meta property=\"og:site_name\" content=\"PayThunder\" \/>\n<meta property=\"article:publisher\" content=\"https:\/\/www.facebook.com\/PayThunderCom\/\" \/>\n<meta property=\"article:modified_time\" content=\"2024-11-20T13:17:04+00:00\" \/>\n<meta property=\"og:image\" content=\"http:\/\/www.paythunder.com\/wp-content\/uploads\/2022\/03\/imagen.png\" \/>\n<meta name=\"twitter:card\" content=\"summary_large_image\" \/>\n<meta name=\"twitter:site\" content=\"@paythunder\" \/>\n<meta name=\"twitter:label1\" content=\"Tiempo de lectura\" \/>\n\t<meta name=\"twitter:data1\" content=\"2 minutos\" \/>\n<script type=\"application\/ld+json\" class=\"yoast-schema-graph\">{\"@context\":\"https:\/\/schema.org\",\"@graph\":[{\"@type\":\"WebPage\",\"@id\":\"http:\/\/www.paythunder.com\/\",\"url\":\"http:\/\/www.paythunder.com\/\",\"name\":\"PayThunder\",\"isPartOf\":{\"@id\":\"http:\/\/www.paythunder.com\/#website\"},\"datePublished\":\"2022-03-02T11:44:55+00:00\",\"dateModified\":\"2024-11-20T13:17:04+00:00\",\"description\":\"Servicios y productos enfocados a la Innovaci\u00f3n, al Turismo, la Sostenibilidad y la Tecnolog\u00eda para la mejora de la calidad de vida.\",\"breadcrumb\":{\"@id\":\"http:\/\/www.paythunder.com\/#breadcrumb\"},\"inLanguage\":\"es\",\"potentialAction\":[{\"@type\":\"ReadAction\",\"target\":[\"http:\/\/www.paythunder.com\/\"]}]},{\"@type\":\"BreadcrumbList\",\"@id\":\"http:\/\/www.paythunder.com\/#breadcrumb\",\"itemListElement\":[{\"@type\":\"ListItem\",\"position\":1,\"name\":\"Portada\",\"item\":\"http:\/\/www.paythunder.com\/\"},{\"@type\":\"ListItem\",\"position\":2,\"name\":\"Principal\"}]},{\"@type\":\"WebSite\",\"@id\":\"http:\/\/www.paythunder.com\/#website\",\"url\":\"http:\/\/www.paythunder.com\/\",\"name\":\"PayThunder\",\"description\":\"\",\"publisher\":{\"@id\":\"http:\/\/www.paythunder.com\/#organization\"},\"potentialAction\":[{\"@type\":\"SearchAction\",\"target\":{\"@type\":\"EntryPoint\",\"urlTemplate\":\"http:\/\/www.paythunder.com\/?s={search_term_string}\"},\"query-input\":\"required name=search_term_string\"}],\"inLanguage\":\"es\"},{\"@type\":\"Organization\",\"@id\":\"http:\/\/www.paythunder.com\/#organization\",\"name\":\"PayThunder S.L.\",\"url\":\"http:\/\/www.paythunder.com\/\",\"sameAs\":[\"https:\/\/www.instagram.com\/paythunder_es\/?hl=es\",\"https:\/\/www.facebook.com\/PayThunderCom\/\",\"https:\/\/twitter.com\/paythunder\"],\"logo\":{\"@type\":\"ImageObject\",\"inLanguage\":\"es\",\"@id\":\"http:\/\/www.paythunder.com\/#\/schema\/logo\/image\/\",\"url\":\"https:\/\/www.paythunder.com\/wp-content\/uploads\/2022\/03\/paythunder_logo_RGB-01.png\",\"contentUrl\":\"https:\/\/www.paythunder.com\/wp-content\/uploads\/2022\/03\/paythunder_logo_RGB-01.png\",\"width\":1819,\"height\":368,\"caption\":\"PayThunder S.L.\"},\"image\":{\"@id\":\"http:\/\/www.paythunder.com\/#\/schema\/logo\/image\/\"}}]}<\/script>\n<!-- \/ Yoast SEO plugin. -->","yoast_head_json":{"title":"PayThunder","description":"Servicios y productos enfocados a la Innovaci\u00f3n, al Turismo, la Sostenibilidad y la Tecnolog\u00eda para la mejora de la calidad de vida.","robots":{"index":"index","follow":"follow","max-snippet":"max-snippet:-1","max-image-preview":"max-image-preview:large","max-video-preview":"max-video-preview:-1"},"canonical":"http:\/\/www.paythunder.com\/","og_locale":"es_ES","og_type":"article","og_title":"PayThunder","og_description":"Servicios y productos enfocados a la Innovaci\u00f3n, al Turismo, la Sostenibilidad y la Tecnolog\u00eda para la mejora de la calidad de vida.","og_url":"http:\/\/www.paythunder.com\/","og_site_name":"PayThunder","article_publisher":"https:\/\/www.facebook.com\/PayThunderCom\/","article_modified_time":"2024-11-20T13:17:04+00:00","og_image":[{"url":"http:\/\/www.paythunder.com\/wp-content\/uploads\/2022\/03\/imagen.png"}],"twitter_card":"summary_large_image","twitter_site":"@paythunder","twitter_misc":{"Tiempo de lectura":"2 minutos"},"schema":{"@context":"https:\/\/schema.org","@graph":[{"@type":"WebPage","@id":"http:\/\/www.paythunder.com\/","url":"http:\/\/www.paythunder.com\/","name":"PayThunder","isPartOf":{"@id":"http:\/\/www.paythunder.com\/#website"},"datePublished":"2022-03-02T11:44:55+00:00","dateModified":"2024-11-20T13:17:04+00:00","description":"Servicios y productos enfocados a la Innovaci\u00f3n, al Turismo, la Sostenibilidad y la Tecnolog\u00eda para la mejora de la calidad de vida.","breadcrumb":{"@id":"http:\/\/www.paythunder.com\/#breadcrumb"},"inLanguage":"es","potentialAction":[{"@type":"ReadAction","target":["http:\/\/www.paythunder.com\/"]}]},{"@type":"BreadcrumbList","@id":"http:\/\/www.paythunder.com\/#breadcrumb","itemListElement":[{"@type":"ListItem","position":1,"name":"Portada","item":"http:\/\/www.paythunder.com\/"},{"@type":"ListItem","position":2,"name":"Principal"}]},{"@type":"WebSite","@id":"http:\/\/www.paythunder.com\/#website","url":"http:\/\/www.paythunder.com\/","name":"PayThunder","description":"","publisher":{"@id":"http:\/\/www.paythunder.com\/#organization"},"potentialAction":[{"@type":"SearchAction","target":{"@type":"EntryPoint","urlTemplate":"http:\/\/www.paythunder.com\/?s={search_term_string}"},"query-input":"required name=search_term_string"}],"inLanguage":"es"},{"@type":"Organization","@id":"http:\/\/www.paythunder.com\/#organization","name":"PayThunder S.L.","url":"http:\/\/www.paythunder.com\/","sameAs":["https:\/\/www.instagram.com\/paythunder_es\/?hl=es","https:\/\/www.facebook.com\/PayThunderCom\/","https:\/\/twitter.com\/paythunder"],"logo":{"@type":"ImageObject","inLanguage":"es","@id":"http:\/\/www.paythunder.com\/#\/schema\/logo\/image\/","url":"https:\/\/www.paythunder.com\/wp-content\/uploads\/2022\/03\/paythunder_logo_RGB-01.png","contentUrl":"https:\/\/www.paythunder.com\/wp-content\/uploads\/2022\/03\/paythunder_logo_RGB-01.png","width":1819,"height":368,"caption":"PayThunder S.L."},"image":{"@id":"http:\/\/www.paythunder.com\/#\/schema\/logo\/image\/"}}]}},"_links":{"self":[{"href":"https:\/\/www.paythunder.com\/index.php\/wp-json\/wp\/v2\/pages\/7","targetHints":{"allow":["GET"]}}],"collection":[{"href":"https:\/\/www.paythunder.com\/index.php\/wp-json\/wp\/v2\/pages"}],"about":[{"href":"https:\/\/www.paythunder.com\/index.php\/wp-json\/wp\/v2\/types\/page"}],"author":[{"embeddable":true,"href":"https:\/\/www.paythunder.com\/index.php\/wp-json\/wp\/v2\/users\/1"}],"replies":[{"embeddable":true,"href":"https:\/\/www.paythunder.com\/index.php\/wp-json\/wp\/v2\/comments?post=7"}],"version-history":[{"count":32,"href":"https:\/\/www.paythunder.com\/index.php\/wp-json\/wp\/v2\/pages\/7\/revisions"}],"predecessor-version":[{"id":414,"href":"https:\/\/www.paythunder.com\/index.php\/wp-json\/wp\/v2\/pages\/7\/revisions\/414"}],"wp:attachment":[{"href":"https:\/\/www.paythunder.com\/index.php\/wp-json\/wp\/v2\/media?parent=7"}],"curies":[{"name":"wp","href":"https:\/\/api.w.org\/{rel}","templated":true}]}}