{"id":53,"date":"2022-03-03T09:08:08","date_gmt":"2022-03-03T09:08:08","guid":{"rendered":"https:\/\/www.paythunder.com\/?page_id=53"},"modified":"2022-06-14T08:46:53","modified_gmt":"2022-06-14T08:46:53","slug":"politica-de-cookies","status":"publish","type":"page","link":"https:\/\/www.paythunder.com\/index.php\/politica-de-cookies\/","title":{"rendered":"Pol\u00edtica de Cookies"},"content":{"rendered":"\n<p>Las cookies son peque\u00f1as cantidades de informaci\u00f3n que se almacenan en el navegador utilizado por cada usuario para que el servidor recuerde cierta informaci\u00f3n que posteriormente pueda utilizar.<\/p>\n\n\n\n<p>Seg\u00fan lo dispuesto en el&nbsp;<strong>art\u00edculo 22.2 de la Ley 34\/2002, de 11 de julio, de Servicios de la Sociedad de la Informaci\u00f3n y de Comercio Electr\u00f3nico (LSSI-CE)<\/strong>, PayThunder informa de las cookies utilizadas en nuestro sitio web:<\/p>\n\n\n\n<ul class=\"wp-block-list\"><li>Cookies de sesi\u00f3n. Son cookies temporales que solo existen hasta que cierras el navegador que est\u00e1s usando para acceder a la web.<\/li><li>Cookies permanentes. Estas son cookies que permanecen en tu archivo de cookies despu\u00e9s de que hayas visitado nuestra web. Estas cookies nos ayudan a identificarte cuando vuelves a nuestra web.<\/li><\/ul>\n\n\n\n<h3 class=\"wp-block-heading\">USO DE LAS COOKIES EN NUESTRO SITIO WEB<\/h3>\n\n\n\n<p>Ninguna de las cookies usadas en nuestra web recoge informaci\u00f3n personal identificable sobre tu persona.<\/p>\n\n\n\n<p>Utilizamos cookies para los siguientes prop\u00f3sitos:<\/p>\n\n\n\n<ul class=\"wp-block-list\"><li>Mantener las preferencias de usuario.<\/li><li>Monitorear el tr\u00e1fico de nuestra web. Usamos Google Analytics, un servicio de an\u00e1lisis web proporcionado por Google. Google Analytics utiliza cookies para ayudarnos a analizar c\u00f3mo los visitantes usan nuestra web. Para saber m\u00e1s sobre c\u00f3mo se utilizan esas cookies visita&nbsp;<a href=\"https:\/\/policies.google.com\/technologies\/types\">Google Privacy<\/a>.<\/li><li>Para permitir ciertas funciones y ayudarte a navegar eficientemente.<\/li><li>Gesti\u00f3n de la sesi\u00f3n.<\/li><\/ul>\n\n\n\n<h3 class=\"wp-block-heading\"><\/h3>\n\n\n\n<h3 class=\"wp-block-heading\">COOKIES ESTABLECIDAS POR ESTE SITIO<\/h3>\n\n\n\n<figure class=\"wp-block-table\"><table><tbody><tr><td><strong>Nombre de la cookie<\/strong><\/td><td><strong>Tipo de cookie&nbsp;<\/strong><\/td><td><strong>Prop\u00f3sito de la cookie&nbsp;<\/strong><\/td><\/tr><tr><td>PHPSESSID<\/td><td>Sesi\u00f3n<\/td><td>Usada por el lenguaje de encriptado PHP para permitir que las variables de SESI\u00d3N sean guardadas en el servidor web. Esta cookie es esencial para el funcionamiento de la web.<\/td><\/tr><tr><td>cookie_notice_accepted<\/td><td>1 mes<\/td><td>Esta cookie recuerda si se ha aceptado el mensaje de aviso sobre cookies para dejar de mostrarlo durante el tiempo en que est\u00e9 activa.<\/td><\/tr><tr><td>pvc_visits[0]<\/td><td>1 mes?<\/td><td>Esta cookie se utiliza para contar las veces que un sitio web ha sido visitado por diferentes visitantes. Esto se consigue asignando un ID aleatorio al visitante, para evitar el registro doble del visitante.<\/td><\/tr><tr><td>wordpress_test_cookie<\/td><td>Sesi\u00f3n<\/td><td>Esta&nbsp;<em>cookie<\/em>&nbsp;se usa para que el gestor de contenidos WordPress compruebe si el navegador tiene las&nbsp;<em>cookies<\/em>&nbsp;activadas.<\/td><\/tr><tr><td>_ga<\/td><td>2 a\u00f1os<\/td><td>Registra una identificaci\u00f3n \u00fanica que se utiliza para generar datos estad\u00edsticos acerca de c\u00f3mo utiliza el visitan te el sitio web.<\/td><\/tr><tr><td>_ga #<\/td><td>2 a\u00f1os<\/td><td>Recopila datos sobre el n\u00famero de veces que un usuario ha visitado el sitio web adem\u00e1s de las fechas de la primera visita y de la m\u00e1s reciente. Utilizada por Google Analytics.<\/td><\/tr><tr><td>_gat<\/td><td>1 d\u00eda<\/td><td>Utilizado por Google Analytics para controlar la tasa de peticiones.<\/td><\/tr><tr><td>_gid<\/td><td>1 d\u00eda<\/td><td>Registra un a identificaci\u00f3n \u00fanica que se utiliza para gen erar datos estad\u00edsticos acerca de c\u00f3mo utiliza el visitan te el sitio web.<\/td><\/tr><\/tbody><\/table><\/figure>\n\n\n\n<h3 class=\"wp-block-heading\">COOKIES ESTABLECIDAS POR TERCERAS PARTES<\/h3>\n\n\n\n<p>El contenido de esta web se actualiza regularmente y podr\u00edamos integrar contenido de otras webs como:<\/p>\n\n\n\n<ul class=\"wp-block-list\"><li>YouTube<\/li><li>Twitter<\/li><li>Facebook<\/li><\/ul>\n\n\n\n<p>Cuando visitas una p\u00e1gina con contenido integrado desde alguno de estos servicios puedes exponerte a cookies de estas webs. La web, los propietarios de la web y los desarrolladores de la web y el software no controlan la diseminaci\u00f3n de esas cookies. Para m\u00e1s informaci\u00f3n sobre estas cookies debes ver las webs de esas terceras partes.<\/p>\n\n\n\n<p>Informaci\u00f3n sobre c\u00f3mo eliminar las cookies de tu explorador:<\/p>\n\n\n\n<ul class=\"wp-block-list\"><li><a href=\"https:\/\/support.apple.com\/kb\/PH19214?viewlocale=es_ES&amp;locale=es_ES\">Safari<\/a><\/li><li><a href=\"https:\/\/support.google.com\/chrome\/answer\/95647?hl=es\">Chrome<\/a><\/li><li><a href=\"https:\/\/support.mozilla.org\/es\/kb\/habilitar-y-deshabilitar-cookies-sitios-web-rastrear-preferencias\">Firefox<\/a><\/li><li><a href=\"https:\/\/ceporros.com\/\">Internet Explorer<\/a><\/li><\/ul>\n","protected":false},"excerpt":{"rendered":"<p>Las cookies son peque\u00f1as cantidades de informaci\u00f3n que se almacenan en el navegador utilizado por cada usuario para que el servidor recuerde cierta informaci\u00f3n que posteriormente pueda utilizar. Seg\u00fan lo dispuesto en el&nbsp;art\u00edculo 22.2 de la Ley 34\/2002, de 11 de julio, de Servicios de la Sociedad de la Informaci\u00f3n y de Comercio Electr\u00f3nico (LSSI-CE),&hellip; <br \/> <a class=\"read-more\" href=\"https:\/\/www.paythunder.com\/index.php\/politica-de-cookies\/\">Read more<\/a><\/p>\n","protected":false},"author":1,"featured_media":0,"parent":0,"menu_order":0,"comment_status":"closed","ping_status":"closed","template":"","meta":{"footnotes":""},"class_list":["post-53","page","type-page","status-publish","hentry"],"yoast_head":"<!-- This site is optimized with the Yoast SEO plugin v19.5.1 - https:\/\/yoast.com\/wordpress\/plugins\/seo\/ -->\n<title>Pol\u00edtica de Cookies - PayThunder<\/title>\n<meta name=\"robots\" content=\"index, follow, max-snippet:-1, max-image-preview:large, max-video-preview:-1\" \/>\n<link rel=\"canonical\" href=\"https:\/\/www.paythunder.com\/index.php\/politica-de-cookies\/\" \/>\n<meta property=\"og:locale\" content=\"es_ES\" \/>\n<meta property=\"og:type\" content=\"article\" \/>\n<meta property=\"og:title\" content=\"Pol\u00edtica de Cookies - PayThunder\" \/>\n<meta property=\"og:description\" content=\"Las cookies son peque\u00f1as cantidades de informaci\u00f3n que se almacenan en el navegador utilizado por cada usuario para que el servidor recuerde cierta informaci\u00f3n que posteriormente pueda utilizar. Seg\u00fan lo dispuesto en el&nbsp;art\u00edculo 22.2 de la Ley 34\/2002, de 11 de julio, de Servicios de la Sociedad de la Informaci\u00f3n y de Comercio Electr\u00f3nico (LSSI-CE),&hellip; Read more\" \/>\n<meta property=\"og:url\" content=\"https:\/\/www.paythunder.com\/index.php\/politica-de-cookies\/\" \/>\n<meta property=\"og:site_name\" content=\"PayThunder\" \/>\n<meta property=\"article:publisher\" content=\"https:\/\/www.facebook.com\/PayThunderCom\/\" \/>\n<meta property=\"article:modified_time\" content=\"2022-06-14T08:46:53+00:00\" \/>\n<meta name=\"twitter:card\" content=\"summary_large_image\" \/>\n<meta name=\"twitter:site\" content=\"@paythunder\" \/>\n<meta name=\"twitter:label1\" content=\"Tiempo de lectura\" \/>\n\t<meta name=\"twitter:data1\" content=\"3 minutos\" \/>\n<script type=\"application\/ld+json\" class=\"yoast-schema-graph\">{\"@context\":\"https:\/\/schema.org\",\"@graph\":[{\"@type\":\"WebPage\",\"@id\":\"https:\/\/www.paythunder.com\/index.php\/politica-de-cookies\/\",\"url\":\"https:\/\/www.paythunder.com\/index.php\/politica-de-cookies\/\",\"name\":\"Pol\u00edtica de Cookies - PayThunder\",\"isPartOf\":{\"@id\":\"https:\/\/www.paythunder.com\/#website\"},\"datePublished\":\"2022-03-03T09:08:08+00:00\",\"dateModified\":\"2022-06-14T08:46:53+00:00\",\"breadcrumb\":{\"@id\":\"https:\/\/www.paythunder.com\/index.php\/politica-de-cookies\/#breadcrumb\"},\"inLanguage\":\"es\",\"potentialAction\":[{\"@type\":\"ReadAction\",\"target\":[\"https:\/\/www.paythunder.com\/index.php\/politica-de-cookies\/\"]}]},{\"@type\":\"BreadcrumbList\",\"@id\":\"https:\/\/www.paythunder.com\/index.php\/politica-de-cookies\/#breadcrumb\",\"itemListElement\":[{\"@type\":\"ListItem\",\"position\":1,\"name\":\"Portada\",\"item\":\"https:\/\/www.paythunder.com\/\"},{\"@type\":\"ListItem\",\"position\":2,\"name\":\"Pol\u00edtica de Cookies\"}]},{\"@type\":\"WebSite\",\"@id\":\"https:\/\/www.paythunder.com\/#website\",\"url\":\"https:\/\/www.paythunder.com\/\",\"name\":\"PayThunder\",\"description\":\"\",\"publisher\":{\"@id\":\"https:\/\/www.paythunder.com\/#organization\"},\"potentialAction\":[{\"@type\":\"SearchAction\",\"target\":{\"@type\":\"EntryPoint\",\"urlTemplate\":\"https:\/\/www.paythunder.com\/?s={search_term_string}\"},\"query-input\":\"required name=search_term_string\"}],\"inLanguage\":\"es\"},{\"@type\":\"Organization\",\"@id\":\"https:\/\/www.paythunder.com\/#organization\",\"name\":\"PayThunder S.L.\",\"url\":\"https:\/\/www.paythunder.com\/\",\"sameAs\":[\"https:\/\/www.instagram.com\/paythunder_es\/?hl=es\",\"https:\/\/www.facebook.com\/PayThunderCom\/\",\"https:\/\/twitter.com\/paythunder\"],\"logo\":{\"@type\":\"ImageObject\",\"inLanguage\":\"es\",\"@id\":\"https:\/\/www.paythunder.com\/#\/schema\/logo\/image\/\",\"url\":\"https:\/\/www.paythunder.com\/wp-content\/uploads\/2022\/03\/paythunder_logo_RGB-01.png\",\"contentUrl\":\"https:\/\/www.paythunder.com\/wp-content\/uploads\/2022\/03\/paythunder_logo_RGB-01.png\",\"width\":1819,\"height\":368,\"caption\":\"PayThunder S.L.\"},\"image\":{\"@id\":\"https:\/\/www.paythunder.com\/#\/schema\/logo\/image\/\"}}]}<\/script>\n<!-- \/ Yoast SEO plugin. -->","yoast_head_json":{"title":"Pol\u00edtica de Cookies - PayThunder","robots":{"index":"index","follow":"follow","max-snippet":"max-snippet:-1","max-image-preview":"max-image-preview:large","max-video-preview":"max-video-preview:-1"},"canonical":"https:\/\/www.paythunder.com\/index.php\/politica-de-cookies\/","og_locale":"es_ES","og_type":"article","og_title":"Pol\u00edtica de Cookies - PayThunder","og_description":"Las cookies son peque\u00f1as cantidades de informaci\u00f3n que se almacenan en el navegador utilizado por cada usuario para que el servidor recuerde cierta informaci\u00f3n que posteriormente pueda utilizar. Seg\u00fan lo dispuesto en el&nbsp;art\u00edculo 22.2 de la Ley 34\/2002, de 11 de julio, de Servicios de la Sociedad de la Informaci\u00f3n y de Comercio Electr\u00f3nico (LSSI-CE),&hellip; Read more","og_url":"https:\/\/www.paythunder.com\/index.php\/politica-de-cookies\/","og_site_name":"PayThunder","article_publisher":"https:\/\/www.facebook.com\/PayThunderCom\/","article_modified_time":"2022-06-14T08:46:53+00:00","twitter_card":"summary_large_image","twitter_site":"@paythunder","twitter_misc":{"Tiempo de lectura":"3 minutos"},"schema":{"@context":"https:\/\/schema.org","@graph":[{"@type":"WebPage","@id":"https:\/\/www.paythunder.com\/index.php\/politica-de-cookies\/","url":"https:\/\/www.paythunder.com\/index.php\/politica-de-cookies\/","name":"Pol\u00edtica de Cookies - PayThunder","isPartOf":{"@id":"https:\/\/www.paythunder.com\/#website"},"datePublished":"2022-03-03T09:08:08+00:00","dateModified":"2022-06-14T08:46:53+00:00","breadcrumb":{"@id":"https:\/\/www.paythunder.com\/index.php\/politica-de-cookies\/#breadcrumb"},"inLanguage":"es","potentialAction":[{"@type":"ReadAction","target":["https:\/\/www.paythunder.com\/index.php\/politica-de-cookies\/"]}]},{"@type":"BreadcrumbList","@id":"https:\/\/www.paythunder.com\/index.php\/politica-de-cookies\/#breadcrumb","itemListElement":[{"@type":"ListItem","position":1,"name":"Portada","item":"https:\/\/www.paythunder.com\/"},{"@type":"ListItem","position":2,"name":"Pol\u00edtica de Cookies"}]},{"@type":"WebSite","@id":"https:\/\/www.paythunder.com\/#website","url":"https:\/\/www.paythunder.com\/","name":"PayThunder","description":"","publisher":{"@id":"https:\/\/www.paythunder.com\/#organization"},"potentialAction":[{"@type":"SearchAction","target":{"@type":"EntryPoint","urlTemplate":"https:\/\/www.paythunder.com\/?s={search_term_string}"},"query-input":"required name=search_term_string"}],"inLanguage":"es"},{"@type":"Organization","@id":"https:\/\/www.paythunder.com\/#organization","name":"PayThunder S.L.","url":"https:\/\/www.paythunder.com\/","sameAs":["https:\/\/www.instagram.com\/paythunder_es\/?hl=es","https:\/\/www.facebook.com\/PayThunderCom\/","https:\/\/twitter.com\/paythunder"],"logo":{"@type":"ImageObject","inLanguage":"es","@id":"https:\/\/www.paythunder.com\/#\/schema\/logo\/image\/","url":"https:\/\/www.paythunder.com\/wp-content\/uploads\/2022\/03\/paythunder_logo_RGB-01.png","contentUrl":"https:\/\/www.paythunder.com\/wp-content\/uploads\/2022\/03\/paythunder_logo_RGB-01.png","width":1819,"height":368,"caption":"PayThunder S.L."},"image":{"@id":"https:\/\/www.paythunder.com\/#\/schema\/logo\/image\/"}}]}},"_links":{"self":[{"href":"https:\/\/www.paythunder.com\/index.php\/wp-json\/wp\/v2\/pages\/53","targetHints":{"allow":["GET"]}}],"collection":[{"href":"https:\/\/www.paythunder.com\/index.php\/wp-json\/wp\/v2\/pages"}],"about":[{"href":"https:\/\/www.paythunder.com\/index.php\/wp-json\/wp\/v2\/types\/page"}],"author":[{"embeddable":true,"href":"https:\/\/www.paythunder.com\/index.php\/wp-json\/wp\/v2\/users\/1"}],"replies":[{"embeddable":true,"href":"https:\/\/www.paythunder.com\/index.php\/wp-json\/wp\/v2\/comments?post=53"}],"version-history":[{"count":2,"href":"https:\/\/www.paythunder.com\/index.php\/wp-json\/wp\/v2\/pages\/53\/revisions"}],"predecessor-version":[{"id":266,"href":"https:\/\/www.paythunder.com\/index.php\/wp-json\/wp\/v2\/pages\/53\/revisions\/266"}],"wp:attachment":[{"href":"https:\/\/www.paythunder.com\/index.php\/wp-json\/wp\/v2\/media?parent=53"}],"curies":[{"name":"wp","href":"https:\/\/api.w.org\/{rel}","templated":true}]}}