{"id":49,"date":"2022-03-03T09:01:47","date_gmt":"2022-03-03T09:01:47","guid":{"rendered":"https:\/\/www.paythunder.com\/?page_id=49"},"modified":"2022-08-23T07:18:58","modified_gmt":"2022-08-23T07:18:58","slug":"aviso-legal","status":"publish","type":"page","link":"https:\/\/www.paythunder.com\/index.php\/aviso-legal\/","title":{"rendered":"Aviso Legal"},"content":{"rendered":"\n<p><strong>AVISO<\/strong><strong>&nbsp;LEGAL<\/strong><\/p>\n\n\n\n<p>El presente sitio web es titularidad de\u00a0<strong>PayThunder S.L. <\/strong>con CIF: <strong>B56003593<\/strong> y domicilio social sito en <strong>Pje. del Balc\u00f3n de Lagartijo, 31 &#8211; 33, 14014 C\u00f3rdoba<\/strong>. Se encuentra inscrita en el Registro Mercantil de C\u00f3rdoba.<\/p>\n\n\n\n<p>Datos de contacto:<\/p>\n\n\n\n<p>Correo electr\u00f3nico:&nbsp;<a href=\"mailto:info@paythunder.com\">info@paythunder.com<\/a>.<\/p>\n\n\n\n<p>Tel.: <strong>+34 912 966 124<\/strong><\/p>\n\n\n\n<p>A trav\u00e9s del sitio web&nbsp;<a href=\"http:\/\/www.paythunder.com\" data-type=\"URL\" data-id=\"www.paythunder.com\" target=\"_blank\" rel=\"noreferrer noopener\">www.paythunder.com<\/a>, ofrecemos a los usuarios la posibilidad de acceder a la informaci\u00f3n sobre nuestros servicios. Toda persona que acceda a este sitio web asume el papel de usuario, comprometi\u00e9ndose a la observancia y cumplimiento riguroso de las disposiciones aqu\u00ed dispuestas, as\u00ed como a cualquier otra disposici\u00f3n legal que fuera de aplicaci\u00f3n.<\/p>\n\n\n\n<p><strong>PayThunder,&nbsp;<\/strong>se reserva el derecho de modificar, limitar o cancelar el acceso y contenidos del sitio web en cualquier momento, no asumiendo responsabilidad alguna sobre su actualizaci\u00f3n. Asimismo, se reserva la facultad de modificar cualquier tipo de informaci\u00f3n que pudiera aparecer en el sitio web, sin que exista obligaci\u00f3n de preavisar o poner en conocimiento de los usuarios dichas obligaciones, entendi\u00e9ndose como suficiente con la publicaci\u00f3n en el sitio web de&nbsp;<strong><strong>PayThunder<\/strong>.<\/strong><\/p>\n\n\n\n<p>Todos los derechos de propiedad industrial e intelectual de los dominios de internet de&nbsp;<strong><strong>PayThunder<\/strong><\/strong> as\u00ed como de los elementos contenidos en las mismas pertenecen a&nbsp;<strong><strong>PayThunder<\/strong><\/strong>, o en su caso&nbsp;<strong><strong>PayThunder<\/strong><\/strong> est\u00e1 autorizada a reproducirlos. La copia, uso, reproducci\u00f3n, distribuci\u00f3n o cualquier tipo de comunicaci\u00f3n de la informaci\u00f3n contenida en este sitio web deber\u00e1 ser autorizada por escrito por&nbsp;<strong><strong>PayThunder<\/strong><\/strong>.<\/p>\n\n\n\n<p>El acceso al sitio web&nbsp;<a rel=\"noreferrer noopener\" href=\"http:\/\/www.paythunder.com\" data-type=\"URL\" data-id=\"www.paythunder.com\" target=\"_blank\">www.paythunder.com<\/a>&nbsp;as\u00ed como el uso de cualquier informaci\u00f3n contenida en el mismo es de exclusiva responsabilidad de la persona que accede o lo usa, no respondiendo&nbsp;<strong><strong>PayThunder<\/strong><\/strong> de ninguna consecuencia, da\u00f1o o perjuicio que pudiera derivarse del acceso o uso de la informaci\u00f3n.&nbsp;<strong><strong>PayThunder<\/strong><\/strong> no garantiza que la informaci\u00f3n, texto, gr\u00e1ficos, v\u00ednculos o cualquier otro contenido de su web sean exactos o completos, excluyendo, especialmente, cualquier responsabilidad que pudiera derivarse de los contenidos y servicios comerciales o de otra \u00edndole de webs que se puedan enlazar electr\u00f3nicamente, directa o indirectamente, a trav\u00e9s del sitio web de&nbsp;<strong><strong>PayThunder<\/strong><\/strong>.<\/p>\n\n\n\n<p>La ley aplicable, en caso de disputa o conflicto de interpretaci\u00f3n de los t\u00e9rminos que conforman este aviso legal, as\u00ed como cualquier cuesti\u00f3n relacionada con los servicios del presente sitio web, ser\u00e1 la ley espa\u00f1ola.<\/p>\n","protected":false},"excerpt":{"rendered":"<p>AVISO&nbsp;LEGAL El presente sitio web es titularidad de\u00a0PayThunder S.L. con CIF: B56003593 y domicilio social sito en Pje. del Balc\u00f3n de Lagartijo, 31 &#8211; 33, 14014 C\u00f3rdoba. Se encuentra inscrita en el Registro Mercantil de C\u00f3rdoba. Datos de contacto: Correo electr\u00f3nico:&nbsp;info@paythunder.com. Tel.: +34 912 966 124 A trav\u00e9s del sitio web&nbsp;www.paythunder.com, ofrecemos a los usuarios&hellip; <br \/> <a class=\"read-more\" href=\"https:\/\/www.paythunder.com\/index.php\/aviso-legal\/\">Read more<\/a><\/p>\n","protected":false},"author":1,"featured_media":0,"parent":0,"menu_order":0,"comment_status":"closed","ping_status":"closed","template":"","meta":{"footnotes":""},"class_list":["post-49","page","type-page","status-publish","hentry"],"yoast_head":"<!-- This site is optimized with the Yoast SEO plugin v19.5.1 - https:\/\/yoast.com\/wordpress\/plugins\/seo\/ -->\n<title>Aviso Legal - PayThunder<\/title>\n<meta name=\"robots\" content=\"index, follow, max-snippet:-1, max-image-preview:large, max-video-preview:-1\" \/>\n<link rel=\"canonical\" href=\"https:\/\/www.paythunder.com\/index.php\/aviso-legal\/\" \/>\n<meta property=\"og:locale\" content=\"es_ES\" \/>\n<meta property=\"og:type\" content=\"article\" \/>\n<meta property=\"og:title\" content=\"Aviso Legal - PayThunder\" \/>\n<meta property=\"og:description\" content=\"AVISO&nbsp;LEGAL El presente sitio web es titularidad de\u00a0PayThunder S.L. con CIF: B56003593 y domicilio social sito en Pje. del Balc\u00f3n de Lagartijo, 31 &#8211; 33, 14014 C\u00f3rdoba. Se encuentra inscrita en el Registro Mercantil de C\u00f3rdoba. Datos de contacto: Correo electr\u00f3nico:&nbsp;info@paythunder.com. Tel.: +34 912 966 124 A trav\u00e9s del sitio web&nbsp;www.paythunder.com, ofrecemos a los usuarios&hellip; Read more\" \/>\n<meta property=\"og:url\" content=\"https:\/\/www.paythunder.com\/index.php\/aviso-legal\/\" \/>\n<meta property=\"og:site_name\" content=\"PayThunder\" \/>\n<meta property=\"article:publisher\" content=\"https:\/\/www.facebook.com\/PayThunderCom\/\" \/>\n<meta property=\"article:modified_time\" content=\"2022-08-23T07:18:58+00:00\" \/>\n<meta name=\"twitter:card\" content=\"summary_large_image\" \/>\n<meta name=\"twitter:site\" content=\"@paythunder\" \/>\n<meta name=\"twitter:label1\" content=\"Tiempo de lectura\" \/>\n\t<meta name=\"twitter:data1\" content=\"2 minutos\" \/>\n<script type=\"application\/ld+json\" class=\"yoast-schema-graph\">{\"@context\":\"https:\/\/schema.org\",\"@graph\":[{\"@type\":\"WebPage\",\"@id\":\"https:\/\/www.paythunder.com\/index.php\/aviso-legal\/\",\"url\":\"https:\/\/www.paythunder.com\/index.php\/aviso-legal\/\",\"name\":\"Aviso Legal - PayThunder\",\"isPartOf\":{\"@id\":\"http:\/\/www.paythunder.com\/#website\"},\"datePublished\":\"2022-03-03T09:01:47+00:00\",\"dateModified\":\"2022-08-23T07:18:58+00:00\",\"breadcrumb\":{\"@id\":\"https:\/\/www.paythunder.com\/index.php\/aviso-legal\/#breadcrumb\"},\"inLanguage\":\"es\",\"potentialAction\":[{\"@type\":\"ReadAction\",\"target\":[\"https:\/\/www.paythunder.com\/index.php\/aviso-legal\/\"]}]},{\"@type\":\"BreadcrumbList\",\"@id\":\"https:\/\/www.paythunder.com\/index.php\/aviso-legal\/#breadcrumb\",\"itemListElement\":[{\"@type\":\"ListItem\",\"position\":1,\"name\":\"Portada\",\"item\":\"http:\/\/www.paythunder.com\/\"},{\"@type\":\"ListItem\",\"position\":2,\"name\":\"Aviso Legal\"}]},{\"@type\":\"WebSite\",\"@id\":\"http:\/\/www.paythunder.com\/#website\",\"url\":\"http:\/\/www.paythunder.com\/\",\"name\":\"PayThunder\",\"description\":\"\",\"publisher\":{\"@id\":\"http:\/\/www.paythunder.com\/#organization\"},\"potentialAction\":[{\"@type\":\"SearchAction\",\"target\":{\"@type\":\"EntryPoint\",\"urlTemplate\":\"http:\/\/www.paythunder.com\/?s={search_term_string}\"},\"query-input\":\"required name=search_term_string\"}],\"inLanguage\":\"es\"},{\"@type\":\"Organization\",\"@id\":\"http:\/\/www.paythunder.com\/#organization\",\"name\":\"PayThunder S.L.\",\"url\":\"http:\/\/www.paythunder.com\/\",\"sameAs\":[\"https:\/\/www.instagram.com\/paythunder_es\/?hl=es\",\"https:\/\/www.facebook.com\/PayThunderCom\/\",\"https:\/\/twitter.com\/paythunder\"],\"logo\":{\"@type\":\"ImageObject\",\"inLanguage\":\"es\",\"@id\":\"http:\/\/www.paythunder.com\/#\/schema\/logo\/image\/\",\"url\":\"https:\/\/www.paythunder.com\/wp-content\/uploads\/2022\/03\/paythunder_logo_RGB-01.png\",\"contentUrl\":\"https:\/\/www.paythunder.com\/wp-content\/uploads\/2022\/03\/paythunder_logo_RGB-01.png\",\"width\":1819,\"height\":368,\"caption\":\"PayThunder S.L.\"},\"image\":{\"@id\":\"http:\/\/www.paythunder.com\/#\/schema\/logo\/image\/\"}}]}<\/script>\n<!-- \/ Yoast SEO plugin. -->","yoast_head_json":{"title":"Aviso Legal - PayThunder","robots":{"index":"index","follow":"follow","max-snippet":"max-snippet:-1","max-image-preview":"max-image-preview:large","max-video-preview":"max-video-preview:-1"},"canonical":"https:\/\/www.paythunder.com\/index.php\/aviso-legal\/","og_locale":"es_ES","og_type":"article","og_title":"Aviso Legal - PayThunder","og_description":"AVISO&nbsp;LEGAL El presente sitio web es titularidad de\u00a0PayThunder S.L. con CIF: B56003593 y domicilio social sito en Pje. del Balc\u00f3n de Lagartijo, 31 &#8211; 33, 14014 C\u00f3rdoba. Se encuentra inscrita en el Registro Mercantil de C\u00f3rdoba. Datos de contacto: Correo electr\u00f3nico:&nbsp;info@paythunder.com. Tel.: +34 912 966 124 A trav\u00e9s del sitio web&nbsp;www.paythunder.com, ofrecemos a los usuarios&hellip; Read more","og_url":"https:\/\/www.paythunder.com\/index.php\/aviso-legal\/","og_site_name":"PayThunder","article_publisher":"https:\/\/www.facebook.com\/PayThunderCom\/","article_modified_time":"2022-08-23T07:18:58+00:00","twitter_card":"summary_large_image","twitter_site":"@paythunder","twitter_misc":{"Tiempo de lectura":"2 minutos"},"schema":{"@context":"https:\/\/schema.org","@graph":[{"@type":"WebPage","@id":"https:\/\/www.paythunder.com\/index.php\/aviso-legal\/","url":"https:\/\/www.paythunder.com\/index.php\/aviso-legal\/","name":"Aviso Legal - PayThunder","isPartOf":{"@id":"http:\/\/www.paythunder.com\/#website"},"datePublished":"2022-03-03T09:01:47+00:00","dateModified":"2022-08-23T07:18:58+00:00","breadcrumb":{"@id":"https:\/\/www.paythunder.com\/index.php\/aviso-legal\/#breadcrumb"},"inLanguage":"es","potentialAction":[{"@type":"ReadAction","target":["https:\/\/www.paythunder.com\/index.php\/aviso-legal\/"]}]},{"@type":"BreadcrumbList","@id":"https:\/\/www.paythunder.com\/index.php\/aviso-legal\/#breadcrumb","itemListElement":[{"@type":"ListItem","position":1,"name":"Portada","item":"http:\/\/www.paythunder.com\/"},{"@type":"ListItem","position":2,"name":"Aviso Legal"}]},{"@type":"WebSite","@id":"http:\/\/www.paythunder.com\/#website","url":"http:\/\/www.paythunder.com\/","name":"PayThunder","description":"","publisher":{"@id":"http:\/\/www.paythunder.com\/#organization"},"potentialAction":[{"@type":"SearchAction","target":{"@type":"EntryPoint","urlTemplate":"http:\/\/www.paythunder.com\/?s={search_term_string}"},"query-input":"required name=search_term_string"}],"inLanguage":"es"},{"@type":"Organization","@id":"http:\/\/www.paythunder.com\/#organization","name":"PayThunder S.L.","url":"http:\/\/www.paythunder.com\/","sameAs":["https:\/\/www.instagram.com\/paythunder_es\/?hl=es","https:\/\/www.facebook.com\/PayThunderCom\/","https:\/\/twitter.com\/paythunder"],"logo":{"@type":"ImageObject","inLanguage":"es","@id":"http:\/\/www.paythunder.com\/#\/schema\/logo\/image\/","url":"https:\/\/www.paythunder.com\/wp-content\/uploads\/2022\/03\/paythunder_logo_RGB-01.png","contentUrl":"https:\/\/www.paythunder.com\/wp-content\/uploads\/2022\/03\/paythunder_logo_RGB-01.png","width":1819,"height":368,"caption":"PayThunder S.L."},"image":{"@id":"http:\/\/www.paythunder.com\/#\/schema\/logo\/image\/"}}]}},"_links":{"self":[{"href":"https:\/\/www.paythunder.com\/index.php\/wp-json\/wp\/v2\/pages\/49","targetHints":{"allow":["GET"]}}],"collection":[{"href":"https:\/\/www.paythunder.com\/index.php\/wp-json\/wp\/v2\/pages"}],"about":[{"href":"https:\/\/www.paythunder.com\/index.php\/wp-json\/wp\/v2\/types\/page"}],"author":[{"embeddable":true,"href":"https:\/\/www.paythunder.com\/index.php\/wp-json\/wp\/v2\/users\/1"}],"replies":[{"embeddable":true,"href":"https:\/\/www.paythunder.com\/index.php\/wp-json\/wp\/v2\/comments?post=49"}],"version-history":[{"count":3,"href":"https:\/\/www.paythunder.com\/index.php\/wp-json\/wp\/v2\/pages\/49\/revisions"}],"predecessor-version":[{"id":342,"href":"https:\/\/www.paythunder.com\/index.php\/wp-json\/wp\/v2\/pages\/49\/revisions\/342"}],"wp:attachment":[{"href":"https:\/\/www.paythunder.com\/index.php\/wp-json\/wp\/v2\/media?parent=49"}],"curies":[{"name":"wp","href":"https:\/\/api.w.org\/{rel}","templated":true}]}}